{"id":1235,"date":"2025-01-02T17:31:15","date_gmt":"2025-01-02T16:31:15","guid":{"rendered":"https:\/\/trinquet.llucmayol.net\/?page_id=1235"},"modified":"2025-05-06T12:36:29","modified_gmt":"2025-05-06T10:36:29","slug":"aviso-legal","status":"publish","type":"page","link":"https:\/\/trinquet.llucmayol.net\/es\/aviso-legal\/","title":{"rendered":"Aviso legal"},"content":{"rendered":"\n<p>Con el fin de dar cumplimiento a las disposiciones recogidas en el art\u00edculo 10 de la Ley 34\/ 2002, de 11 de julio, de Servicios de la Sociedad de la Informaci\u00f3n y de comercio electr\u00f3nico, los facilitamos los siguientes datos de informaci\u00f3n general:<\/p>\n\n\n\n<p><strong>Nombre o denominaci\u00f3n social:<\/strong> Lluc Mayol<br><strong>Domicilio social:<\/strong> C. Pare Salvador Moll\u00e0, 26, 46135 Albalat dels Sorells (Val\u00e8ncia)<br><strong>Tel\u00e9fono:<\/strong> +34 665\/839\/155<br><strong>E-mail:<\/strong> soc[a]llucmayol.net<\/p>\n\n\n\n<h2 class=\"wp-block-heading\">Legislaci\u00f3n Aplicable<\/h2>\n\n\n\n<p>El presente Aviso Legal se rige en todos y cada uno de sus extremos por la ley espa\u00f1ola, renunciando expresamente las partes al fuero que los corresponda, y someti\u00e9ndose a los Juzgados de Val\u00e8ncia.<\/p>\n\n\n\n<h2 class=\"wp-block-heading\">Propiedad Intelectual e industrial<\/h2>\n\n\n\n<p>Todos los contenidos de la presente p\u00e1gina web, incluyendo sin car\u00e1cter limitativo, textos, gr\u00e1ficos, im\u00e1genes, su dise\u00f1o y los derechos de propiedad intelectual que pudieran corresponder a estos contenidos, as\u00ed como todas las marcas, nombres comerciales o cualquier otro signo distintivo son propiedad de esta entidad, quedando reservados todos los derechos sobre estos.<\/p>\n\n\n\n<p>Queda prohibido cualquier acto de reproducci\u00f3n de los contenidos, en todo o en parte, en cualquier forma o medio, sea mec\u00e1nico, electr\u00f3nico, reprogr\u00e1fico u otro, as\u00ed como cualquier acto de difusi\u00f3n, comunicaci\u00f3n p\u00fablica o distribuci\u00f3n, sin la previa autorizaci\u00f3n por escrito de esta entidad.<\/p>\n\n\n\n<p>Esta entidad no ser\u00e1 responsable de los da\u00f1os o perjuicios que pudieran derivarse de la utilizaci\u00f3n de los contenidos por parte de los usuarios o de la infracci\u00f3n por parte de estos de cualquier disposici\u00f3n legal vigente.<\/p>\n\n\n\n<h2 class=\"wp-block-heading\">Enlaces<\/h2>\n\n\n\n<p>Esta entidad no asume ninguna responsabilidad sobre los enlaces externos que, en su caso, pudieron incluirse en el portal, puesto que no tiene ning\u00fan tipo de control sobre estos, por lo cual el usuario accede bajo su exclusiva responsabilidad al contenido y en las condiciones de uso que rijan en estos.<\/p>\n\n\n\n<h2 class=\"wp-block-heading\">Redes Sociales<\/h2>\n\n\n\n<p>La informaci\u00f3n que recaudamos por medio de las redes sociales a veces incluye informaci\u00f3n personal que se encuentra disponible en l\u00ednea y para el p\u00fablico. Siempre nos aseguramos que toda la informaci\u00f3n que utilizamos se encuentra atribuida a su fuente de manera correcta o se hace an\u00f3nima.<\/p>\n\n\n\n<p>Es probable que estas redes sociales tengan sus propias pol\u00edticas de privacidad, mediante las cuales le explicar\u00e1n c\u00f3mo utilicen y comparten su informaci\u00f3n personal. Le recomendamos revisar detenidamente las pol\u00edticas de privacidad antes de utilizar estas redes sociales para estar seguro que est\u00e1 conforme con la forma en la cual su informaci\u00f3n personal se recopila y comparte.<\/p>\n\n\n\n<p>Esta entidad podr\u00e1 modificar o eliminar en cualquier momento y sin aviso previo los mensajes emitidos en el canal.<\/p>\n\n\n\n<p>Esta entidad puede seguir a otros perfiles de la red social, sin que este hecho implico vinculaci\u00f3n de ning\u00fan tipo con ellos.<\/p>\n\n\n\n<p>El uso de las redes sociales por parte de esta entidad como canal informativo no implica la aprobaci\u00f3n de la Pol\u00edtica de Privacidad de este.<\/p>\n\n\n\n<p>Esta entidad no comunica ni comparte informaci\u00f3n personal de los usuarios que accedan a estos medios, adoptando todas las medidas de seguridad adecuadas que proporciona la red social.<\/p>\n\n\n\n<p><\/p>\n","protected":false},"excerpt":{"rendered":"<p>Con el fin de dar cumplimiento a las disposiciones recogidas en el art\u00edculo 10 de la Ley 34\/ 2002, de [&hellip;]<\/p>\n","protected":false},"author":1,"featured_media":0,"parent":0,"menu_order":99,"comment_status":"closed","ping_status":"closed","template":"","meta":{"site-sidebar-layout":"default","site-content-layout":"","ast-site-content-layout":"default","site-content-style":"default","site-sidebar-style":"default","ast-global-header-display":"","ast-banner-title-visibility":"","ast-main-header-display":"","ast-hfb-above-header-display":"","ast-hfb-below-header-display":"","ast-hfb-mobile-header-display":"","site-post-title":"","ast-breadcrumbs-content":"","ast-featured-img":"","footer-sml-layout":"","ast-disable-related-posts":"","theme-transparent-header-meta":"","adv-header-id-meta":"","stick-header-meta":"","header-above-stick-meta":"","header-main-stick-meta":"","header-below-stick-meta":"","astra-migrate-meta-layouts":"default","ast-page-background-enabled":"default","ast-page-background-meta":{"desktop":{"background-color":"var(--ast-global-color-5)","background-image":"","background-repeat":"repeat","background-position":"center center","background-size":"auto","background-attachment":"scroll","background-type":"","background-media":"","overlay-type":"","overlay-color":"","overlay-opacity":"","overlay-gradient":""},"tablet":{"background-color":"","background-image":"","background-repeat":"repeat","background-position":"center center","background-size":"auto","background-attachment":"scroll","background-type":"","background-media":"","overlay-type":"","overlay-color":"","overlay-opacity":"","overlay-gradient":""},"mobile":{"background-color":"","background-image":"","background-repeat":"repeat","background-position":"center center","background-size":"auto","background-attachment":"scroll","background-type":"","background-media":"","overlay-type":"","overlay-color":"","overlay-opacity":"","overlay-gradient":""}},"ast-content-background-meta":{"desktop":{"background-color":"var(--ast-global-color-4)","background-image":"","background-repeat":"repeat","background-position":"center center","background-size":"auto","background-attachment":"scroll","background-type":"","background-media":"","overlay-type":"","overlay-color":"","overlay-opacity":"","overlay-gradient":""},"tablet":{"background-color":"var(--ast-global-color-4)","background-image":"","background-repeat":"repeat","background-position":"center center","background-size":"auto","background-attachment":"scroll","background-type":"","background-media":"","overlay-type":"","overlay-color":"","overlay-opacity":"","overlay-gradient":""},"mobile":{"background-color":"var(--ast-global-color-4)","background-image":"","background-repeat":"repeat","background-position":"center center","background-size":"auto","background-attachment":"scroll","background-type":"","background-media":"","overlay-type":"","overlay-color":"","overlay-opacity":"","overlay-gradient":""}},"footnotes":""},"class_list":["post-1235","page","type-page","status-publish","hentry"],"_links":{"self":[{"href":"https:\/\/trinquet.llucmayol.net\/es\/wp-json\/wp\/v2\/pages\/1235","targetHints":{"allow":["GET"]}}],"collection":[{"href":"https:\/\/trinquet.llucmayol.net\/es\/wp-json\/wp\/v2\/pages"}],"about":[{"href":"https:\/\/trinquet.llucmayol.net\/es\/wp-json\/wp\/v2\/types\/page"}],"author":[{"embeddable":true,"href":"https:\/\/trinquet.llucmayol.net\/es\/wp-json\/wp\/v2\/users\/1"}],"replies":[{"embeddable":true,"href":"https:\/\/trinquet.llucmayol.net\/es\/wp-json\/wp\/v2\/comments?post=1235"}],"version-history":[{"count":0,"href":"https:\/\/trinquet.llucmayol.net\/es\/wp-json\/wp\/v2\/pages\/1235\/revisions"}],"wp:attachment":[{"href":"https:\/\/trinquet.llucmayol.net\/es\/wp-json\/wp\/v2\/media?parent=1235"}],"curies":[{"name":"wp","href":"https:\/\/api.w.org\/{rel}","templated":true}]}}